{"id":1626,"date":"2024-02-28T11:58:44","date_gmt":"2024-02-28T11:58:44","guid":{"rendered":"https:\/\/bookadentist.ch\/fr\/?page_id=1626"},"modified":"2024-09-11T11:50:37","modified_gmt":"2024-09-11T11:50:37","slug":"politiqueconfidentialite","status":"publish","type":"page","link":"https:\/\/bookadentist.ch\/fr\/politiqueconfidentialite\/","title":{"rendered":"Datenschutzerkl\u00e4rung"},"content":{"rendered":"\t\t<div data-elementor-type=\"wp-page\" data-elementor-id=\"1626\" class=\"elementor elementor-1626\" data-elementor-post-type=\"page\">\n\t\t\t\t<div class=\"elementor-element elementor-element-9e14f7e e-flex e-con-boxed e-con e-parent\" data-id=\"9e14f7e\" data-element_type=\"container\" data-e-type=\"container\">\n\t\t\t\t\t<div class=\"e-con-inner\">\n\t\t\t\t<div class=\"elementor-element elementor-element-07f1566 elementor-widget elementor-widget-text-editor\" data-id=\"07f1566\" data-element_type=\"widget\" data-e-type=\"widget\" data-widget_type=\"text-editor.default\">\n\t\t\t\t<div class=\"elementor-widget-container\">\n\t\t\t\t\t\t\t\t\t<h3><strong>D\u00e9claration de confidentialit\u00e9<\/strong><\/h3><p><strong>La protection des donn\u00e9es est importante pour nous<\/strong><\/p><p>Nous prenons tr\u00e8s au s\u00e9rieux la protection de vos donn\u00e9es personnelles. Dans cette d\u00e9claration de confidentialit\u00e9, nous vous informons de la mani\u00e8re dont nous recueillons et traitons vos donn\u00e9es personnelles via ce site web.<\/p><p>La protection de vos donn\u00e9es personnelles et la pr\u00e9servation de votre vie priv\u00e9e nous tiennent \u00e0 c\u0153ur. Vous pouvez vous attendre \u00e0 ce que nous traitions vos donn\u00e9es de mani\u00e8re sensible et avec soin, tout en veillant \u00e0 une s\u00e9curit\u00e9 \u00e9lev\u00e9e des donn\u00e9es.<\/p><p>Nous nous engageons \u00e0 g\u00e9rer vos donn\u00e9es de mani\u00e8re responsable. Il va de soi pour nous de respecter la loi suisse sur la protection des donn\u00e9es (LPD), l&#8217;ordonnance sur la loi f\u00e9d\u00e9rale sur la protection des donn\u00e9es (OLPD) et d&#8217;autres dispositions l\u00e9gales applicables en mati\u00e8re de protection des donn\u00e9es.<\/p><p>Cette d\u00e9claration de confidentialit\u00e9 couvre la collecte de donn\u00e9es personnelles aussi bien en ligne que hors ligne, y compris les donn\u00e9es personnelles que nous avons pu recevoir de diverses sources, telles que les visiteurs du site web, les partenaires contractuels, les prestataires de services et les autorit\u00e9s.<\/p><p>Les donn\u00e9es personnelles sont les informations qui permettent d&#8217;identifier une personne physique. Cela inclut notamment le nom, la date de naissance, l&#8217;adresse, le num\u00e9ro de t\u00e9l\u00e9phone, l&#8217;adresse e-mail ainsi que votre adresse IP.<\/p><p>Port\u00e9e et objectif de la collecte, du traitement et de l&#8217;utilisation des donn\u00e9es personnelles<\/p><p>Visite de notre site web<\/p><p>Lorsque vous visitez notre site web, nos serveurs enregistrent temporairement les donn\u00e9es suivantes dans un fichier journal, les \u00ablogfiles\u00bb du serveur:<\/p><ul><li>Adresse IP de l&#8217;ordinateur demandeur<\/li><li>Date et heure de l&#8217;acc\u00e8s\/de la requ\u00eate<\/li><li>Nom et URL des donn\u00e9es consult\u00e9es<\/li><li>Syst\u00e8me d&#8217;exploitation de votre ordinateur et navigateur utilis\u00e9<\/li><li>Pays \u00e0 partir duquel l&#8217;acc\u00e8s \u00e0 notre site web est effectu\u00e9<\/li><li>Nom de votre fournisseur d&#8217;acc\u00e8s Internet<\/li><li>Diff\u00e9rence de fuseau horaire par rapport au temps moyen de Greenwich (GMT)<\/li><li>Contenu de la demande (page sp\u00e9cifique)<\/li><li>Statut d&#8217;acc\u00e8s\/code d&#8217;\u00e9tat HTTP<\/li><li>Quantit\u00e9 de donn\u00e9es transmises<\/li><li>Dernier site web visit\u00e9<\/li><li>Param\u00e8tres du navigateur<\/li><li>Langue et version du logiciel du navigateur<\/li><li>Plugins de navigateur activ\u00e9\u00a0 \u00a0 \u00a0 \u00a0 \u00a0 \u00a0 \u00a0 \u00a0 \u00a0 \u00a0 \u00a0 \u00a0 \u00a0 \u00a0 \u00a0 \u00a0 \u00a0<\/li><\/ul><p>\u00a0<\/p><p>La base de la conservation temporaire de vos donn\u00e9es personnelles et des fichiers journaux repose sur notre int\u00e9r\u00eat l\u00e9gitime, qui consiste \u00e0:<\/p><p>Permettre l&#8217;utilisation de notre site web (\u00e9tablissement de connexion);<br \/>Assurer durablement la s\u00e9curit\u00e9 et la stabilit\u00e9 du syst\u00e8me;<br \/>Am\u00e9liorer notre offre et notre pr\u00e9sence sur Internet;<br \/>Collecter des donn\u00e9es statistiques;<br \/>Fournir aux autorit\u00e9s charg\u00e9es des poursuites p\u00e9nales les informations n\u00e9cessaires en cas d&#8217;incident.<br \/>Ces donn\u00e9es ne sont pas stock\u00e9es avec d&#8217;autres donn\u00e9es personnelles vous concernant. Les donn\u00e9es sont supprim\u00e9es d\u00e8s qu&#8217;elles ne sont plus n\u00e9cessaires pour atteindre l&#8217;objectif de leur collecte. Dans le cas de la collecte de vos donn\u00e9es personnelles pour la mise \u00e0 disposition du site web, cela se produit lorsque la session correspondante est termin\u00e9e.<\/p><p><strong>Prise de contact<\/strong><\/p><p>Vous avez la possibilit\u00e9 de nous contacter par e-mail via notre site web. Dans ce cas, les informations que vous fournissez seront trait\u00e9es dans le but de r\u00e9pondre \u00e0 votre demande.<\/p><p>Les donn\u00e9es personnelles que vous transmettez ne seront pas combin\u00e9es avec d&#8217;autres donn\u00e9es.<\/p><p>La base du traitement de vos donn\u00e9es personnelles repose sur notre int\u00e9r\u00eat l\u00e9gitime \u00e0 r\u00e9pondre \u00e0 votre demande. Si la prise de contact est li\u00e9e \u00e0 l&#8217;ex\u00e9cution d&#8217;un contrat auquel vous \u00eates partie ou \u00e0 la r\u00e9alisation de mesures pr\u00e9contractuelles, cela constitue une base suppl\u00e9mentaire pour le traitement de vos donn\u00e9es personnelles.<\/p><p>Vous pouvez vous opposer \u00e0 ce traitement \u00e0 tout moment en envoyant votre opposition \u00e0 l&#8217;adresse e-mail suivante: info@zahnarzt-kerzers.ch. Dans ce cas, votre demande ne sera pas trait\u00e9e.<\/p><p><strong>Candidatures<\/strong><\/p><p>Si vous postulez pour un emploi chez nous, nous traiterons les donn\u00e9es personnelles que nous recevons de votre part dans le cadre du processus de candidature. Cela inclut, en plus de vos informations personnelles, des donn\u00e9es relatives \u00e0 votre formation, votre exp\u00e9rience professionnelle et vos comp\u00e9tences, ainsi que les informations de contact habituelles telles que l&#8217;adresse postale, l&#8217;adresse e-mail et le num\u00e9ro de t\u00e9l\u00e9phone.<\/p><p>Les donn\u00e9es des candidats seront trait\u00e9es uniquement dans le cadre du processus de recrutement et supprim\u00e9es en cas de rejet de la candidature.<\/p><p><strong>Cookies et outils d&#8217;analyse<\/strong><\/p><p>Nous utilisons des cookies pour am\u00e9liorer l&#8217;exp\u00e9rience utilisateur sur notre site, ainsi que Google Analytics pour collecter des informations statistiques sur les visites du site.<\/p><p>Pour plus de d\u00e9tails sur les cookies et vos droits en mati\u00e8re de donn\u00e9es personnelles, veuillez consulter notre politique compl\u00e8te sur la protection des donn\u00e9es.<\/p>\t\t\t\t\t\t\t\t<\/div>\n\t\t\t\t<\/div>\n\t\t\t\t\t<\/div>\n\t\t\t\t<\/div>\n\t\t\t\t<\/div>\n\t\t","protected":false},"excerpt":{"rendered":"<p>D\u00e9claration de confidentialit\u00e9 La protection des donn\u00e9es est importante pour nous Nous prenons tr\u00e8s au s\u00e9rieux la protection de vos donn\u00e9es personnelles. Dans cette d\u00e9claration de confidentialit\u00e9, nous vous informons de la mani\u00e8re dont nous recueillons et traitons vos donn\u00e9es personnelles via ce site web. La protection de vos donn\u00e9es personnelles et la pr\u00e9servation de [&hellip;]<\/p>\n","protected":false},"author":2,"featured_media":0,"parent":0,"menu_order":0,"comment_status":"closed","ping_status":"closed","template":"","meta":{"_mo_disable_npp":"","footnotes":""},"class_list":["post-1626","page","type-page","status-publish","hentry"],"_links":{"self":[{"href":"https:\/\/bookadentist.ch\/fr\/wp-json\/wp\/v2\/pages\/1626","targetHints":{"allow":["GET"]}}],"collection":[{"href":"https:\/\/bookadentist.ch\/fr\/wp-json\/wp\/v2\/pages"}],"about":[{"href":"https:\/\/bookadentist.ch\/fr\/wp-json\/wp\/v2\/types\/page"}],"author":[{"embeddable":true,"href":"https:\/\/bookadentist.ch\/fr\/wp-json\/wp\/v2\/users\/2"}],"replies":[{"embeddable":true,"href":"https:\/\/bookadentist.ch\/fr\/wp-json\/wp\/v2\/comments?post=1626"}],"version-history":[{"count":16,"href":"https:\/\/bookadentist.ch\/fr\/wp-json\/wp\/v2\/pages\/1626\/revisions"}],"predecessor-version":[{"id":2169,"href":"https:\/\/bookadentist.ch\/fr\/wp-json\/wp\/v2\/pages\/1626\/revisions\/2169"}],"wp:attachment":[{"href":"https:\/\/bookadentist.ch\/fr\/wp-json\/wp\/v2\/media?parent=1626"}],"curies":[{"name":"wp","href":"https:\/\/api.w.org\/{rel}","templated":true}]}}