{"id":1612,"date":"2024-02-28T10:38:18","date_gmt":"2024-02-28T10:38:18","guid":{"rendered":"https:\/\/bookadentist.ch\/fr\/?page_id=1612"},"modified":"2024-09-11T11:48:01","modified_gmt":"2024-09-11T11:48:01","slug":"mentionslegales","status":"publish","type":"page","link":"https:\/\/bookadentist.ch\/fr\/mentionslegales\/","title":{"rendered":"Impressum"},"content":{"rendered":"\t\t<div data-elementor-type=\"wp-page\" data-elementor-id=\"1612\" class=\"elementor elementor-1612\" data-elementor-post-type=\"page\">\n\t\t\t\t<div class=\"elementor-element elementor-element-9e14f7e e-flex e-con-boxed e-con e-parent\" data-id=\"9e14f7e\" data-element_type=\"container\" data-e-type=\"container\">\n\t\t\t\t\t<div class=\"e-con-inner\">\n\t\t\t\t<div class=\"elementor-element elementor-element-07f1566 elementor-widget elementor-widget-text-editor\" data-id=\"07f1566\" data-element_type=\"widget\" data-e-type=\"widget\" data-widget_type=\"text-editor.default\">\n\t\t\t\t<div class=\"elementor-widget-container\">\n\t\t\t\t\t\t\t\t\t<h3><strong>Mentions l\u00e9gales<\/strong><\/h3><p>Si\u00e8ge social de la soci\u00e9t\u00e9 :<\/p><p>Dentiste Kerzers<br \/>Gerbeackerstrasse 8<br \/>3210 Kerzers<br \/>Suisse<\/p><p>T\u00e9l\u00e9phone: +41 031 756 12 12<\/p><p>Courriel: info@zahnarzt-kerzers.ch<\/p><p>Inscrit au registre du commerce du canton de Fribourg CH-217.3.555.792-9<\/p><p>Directeur: Aleksandar Ivanovic<\/p><p>Droits d&#8217;auteur<\/p><p>Le contenu de ce site web est prot\u00e9g\u00e9 par les droits d&#8217;auteur. L&#8217;utilisation des contenus r\u00e9dactionnels, des images, des graphiques et autres donn\u00e9es n&#8217;est pas autoris\u00e9e ou seulement avec l&#8217;accord explicite de M\u00e9decin-dentiste Kerzers.<\/p><p>\u00a0<\/p>\t\t\t\t\t\t\t\t<\/div>\n\t\t\t\t<\/div>\n\t\t\t\t\t<\/div>\n\t\t\t\t<\/div>\n\t\t\t\t<\/div>\n\t\t","protected":false},"excerpt":{"rendered":"<p>Mentions l\u00e9gales Si\u00e8ge social de la soci\u00e9t\u00e9 : Dentiste KerzersGerbeackerstrasse 83210 KerzersSuisse T\u00e9l\u00e9phone: +41 031 756 12 12 Courriel: info@zahnarzt-kerzers.ch Inscrit au registre du commerce du canton de Fribourg CH-217.3.555.792-9 Directeur: Aleksandar Ivanovic Droits d&#8217;auteur Le contenu de ce site web est prot\u00e9g\u00e9 par les droits d&#8217;auteur. L&#8217;utilisation des contenus r\u00e9dactionnels, des images, des graphiques [&hellip;]<\/p>\n","protected":false},"author":2,"featured_media":0,"parent":0,"menu_order":0,"comment_status":"closed","ping_status":"closed","template":"","meta":{"_mo_disable_npp":"","footnotes":""},"class_list":["post-1612","page","type-page","status-publish","hentry"],"_links":{"self":[{"href":"https:\/\/bookadentist.ch\/fr\/wp-json\/wp\/v2\/pages\/1612","targetHints":{"allow":["GET"]}}],"collection":[{"href":"https:\/\/bookadentist.ch\/fr\/wp-json\/wp\/v2\/pages"}],"about":[{"href":"https:\/\/bookadentist.ch\/fr\/wp-json\/wp\/v2\/types\/page"}],"author":[{"embeddable":true,"href":"https:\/\/bookadentist.ch\/fr\/wp-json\/wp\/v2\/users\/2"}],"replies":[{"embeddable":true,"href":"https:\/\/bookadentist.ch\/fr\/wp-json\/wp\/v2\/comments?post=1612"}],"version-history":[{"count":13,"href":"https:\/\/bookadentist.ch\/fr\/wp-json\/wp\/v2\/pages\/1612\/revisions"}],"predecessor-version":[{"id":2166,"href":"https:\/\/bookadentist.ch\/fr\/wp-json\/wp\/v2\/pages\/1612\/revisions\/2166"}],"wp:attachment":[{"href":"https:\/\/bookadentist.ch\/fr\/wp-json\/wp\/v2\/media?parent=1612"}],"curies":[{"name":"wp","href":"https:\/\/api.w.org\/{rel}","templated":true}]}}